{"id":69,"date":"2023-10-18T17:13:03","date_gmt":"2023-10-18T15:13:03","guid":{"rendered":"https:\/\/letourneauchantourneur.micr0lab.org\/?page_id=69"},"modified":"2024-02-29T13:24:03","modified_gmt":"2024-02-29T12:24:03","slug":"qui-donc","status":"publish","type":"page","link":"https:\/\/letourneauchantourneur.micr0lab.org\/?page_id=69","title":{"rendered":"Qui suis-je ?"},"content":{"rendered":"\n<figure class=\"wp-block-image size-full\"><img loading=\"lazy\" decoding=\"async\" width=\"768\" height=\"363\" src=\"https:\/\/letourneauchantourneur.micr0lab.org\/wp-content\/uploads\/2023\/10\/Resized_20231020_142004.jpg\" alt=\"\" class=\"wp-image-84\" srcset=\"https:\/\/letourneauchantourneur.micr0lab.org\/wp-content\/uploads\/2023\/10\/Resized_20231020_142004.jpg 768w, https:\/\/letourneauchantourneur.micr0lab.org\/wp-content\/uploads\/2023\/10\/Resized_20231020_142004-300x142.jpg 300w\" sizes=\"auto, (max-width: 768px) 100vw, 768px\" \/><\/figure>\n\n\n\n<p>Les arbres, le bois qu&rsquo;ils nous offrent avec ses mille possibles utilisations, la colle d&rsquo;os et toutes les mati\u00e8res organiques \u00e0 ma port\u00e9e m&#8217;emm\u00e8nent explorer la fronti\u00e8re floue entre artisanat et art. C&rsquo;est en la marqueterie que je l&rsquo;ai trouv\u00e9e, cette fronti\u00e8re \u00e0 franchir all\u00e8grement, dans un sens et dans l&rsquo;autre au gr\u00e9 de mon imagination. <\/p>\n\n\n\n<p>Gr\u00e2ce \u00e0 la scie \u00e0 chantourner, je fabrique ainsi de petits objets en placages assembl\u00e9s ou en bois massif de faible \u00e9paisseur, comme les marque-pages, cartes-tableaux, boucles d&rsquo;oreilles, porte-cl\u00e9s ou d\u00e9corations&#8230;<\/p>\n\n\n\n<p>Je peux \u00e9galement r\u00e9aliser des ornements pour vos meubles, bo\u00eetes, kayaks etc selon vos go\u00fbts et d\u00e9sirs, ou bien encore restaurer ceux dont le placage ou la marqueterie sont ab\u00eem\u00e9s.<\/p>\n\n\n\n<p><strong>Toute commande est possible en me contactant par <a href=\"https:\/\/letourneauchantourneur.micr0lab.org\/?page_id=39\" data-type=\"page\" data-id=\"39\">courriel ou t\u00e9l\u00e9phone<\/a>.<\/strong><\/p>\n\n\n\n<p>Le champ, ou plut\u00f4t la for\u00eat d&rsquo;exploration nous offre une longue et belle promenade ! En avant !<\/p>\n\n\n\n<p><strong>Dans la presse&#8230;<\/strong> <a href=\"https:\/\/www.letelegramme.fr\/finistere\/landunvez-29840\/letourneau-chantourneur-un-atelier-dartisanat-de-bois-a-landunvez-6532204.php\" target=\"_blank\" rel=\"noreferrer noopener\">https:\/\/www.letelegramme.fr\/finistere\/landunvez-29840\/letourneau-chantourneur-un-atelier-dartisanat-de-bois-a-landunvez-6532204.php<\/a><\/p>\n\n\n\n<p><a href=\"https:\/\/brest.maville.com\/actu\/actudet_-plouvien.-de-l-artisanat-d-art-avec-l-etourneau-chantourneur-_-6170060_actu.Htm\" target=\"_blank\" rel=\"noreferrer noopener\">https:\/\/brest.maville.com\/actu\/actudet_-plouvien.-de-l-artisanat-d-art-avec-l-etourneau-chantourneur-_-6170060_actu.Htm<\/a><\/p>\n\n\n\n<p><a href=\"https:\/\/www.letelegramme.fr\/finistere\/plabennec-29860\/caroline-mulero-veut-faire-sensation-au-marche-des-createurs-de-plabennec-avec-ses-objets-en-bois-6468771.php\" target=\"_blank\" rel=\"noreferrer noopener\">https:\/\/www.letelegramme.fr\/finistere\/plabennec-29860\/caroline-mulero-veut-faire-sensation-au-marche-des-createurs-de-plabennec-avec-ses-objets-en-bois-6468771.php<\/a><\/p>\n","protected":false},"excerpt":{"rendered":"<p>Les arbres, le bois qu&rsquo;ils nous offrent avec ses mille possibles utilisations, la colle d&rsquo;os et toutes les mati\u00e8res organiques \u00e0 ma port\u00e9e m&#8217;emm\u00e8nent explorer la fronti\u00e8re floue entre artisanat et art. C&rsquo;est en la marqueterie que je l&rsquo;ai trouv\u00e9e, cette fronti\u00e8re \u00e0 franchir all\u00e8grement, dans un sens et dans l&rsquo;autre au gr\u00e9 de mon [&hellip;]<\/p>\n","protected":false},"author":2,"featured_media":0,"parent":0,"menu_order":0,"comment_status":"closed","ping_status":"closed","template":"","meta":{"footnotes":""},"class_list":["post-69","page","type-page","status-publish","hentry"],"_links":{"self":[{"href":"https:\/\/letourneauchantourneur.micr0lab.org\/index.php?rest_route=\/wp\/v2\/pages\/69","targetHints":{"allow":["GET"]}}],"collection":[{"href":"https:\/\/letourneauchantourneur.micr0lab.org\/index.php?rest_route=\/wp\/v2\/pages"}],"about":[{"href":"https:\/\/letourneauchantourneur.micr0lab.org\/index.php?rest_route=\/wp\/v2\/types\/page"}],"author":[{"embeddable":true,"href":"https:\/\/letourneauchantourneur.micr0lab.org\/index.php?rest_route=\/wp\/v2\/users\/2"}],"replies":[{"embeddable":true,"href":"https:\/\/letourneauchantourneur.micr0lab.org\/index.php?rest_route=%2Fwp%2Fv2%2Fcomments&post=69"}],"version-history":[{"count":13,"href":"https:\/\/letourneauchantourneur.micr0lab.org\/index.php?rest_route=\/wp\/v2\/pages\/69\/revisions"}],"predecessor-version":[{"id":330,"href":"https:\/\/letourneauchantourneur.micr0lab.org\/index.php?rest_route=\/wp\/v2\/pages\/69\/revisions\/330"}],"wp:attachment":[{"href":"https:\/\/letourneauchantourneur.micr0lab.org\/index.php?rest_route=%2Fwp%2Fv2%2Fmedia&parent=69"}],"curies":[{"name":"wp","href":"https:\/\/api.w.org\/{rel}","templated":true}]}}