{"id":41,"date":"2023-10-07T12:48:17","date_gmt":"2023-10-07T10:48:17","guid":{"rendered":"https:\/\/letourneauchantourneur.micr0lab.org\/?page_id=41"},"modified":"2024-12-17T09:44:15","modified_gmt":"2024-12-17T08:44:15","slug":"creations-en-cours","status":"publish","type":"page","link":"https:\/\/letourneauchantourneur.micr0lab.org\/?page_id=41","title":{"rendered":"marque-pages"},"content":{"rendered":"\n<p><strong>mod\u00e8les poire et cigale \/ soleil et citron 20\u20ac<\/strong><\/p>\n\n\n\n<p>\u00e9b\u00e8ne de Macassar, merisier, poirier teint\u00e9 noir, sycomore, buis Amarello, citronnier de Ceylan<\/p>\n\n\n\n<figure class=\"wp-block-image size-large\"><img loading=\"lazy\" decoding=\"async\" width=\"1024\" height=\"771\" src=\"https:\/\/letourneauchantourneur.micr0lab.org\/wp-content\/uploads\/2024\/12\/IMG-20241208-WA0030-1024x771.jpg\" alt=\"\" class=\"wp-image-431\" srcset=\"https:\/\/letourneauchantourneur.micr0lab.org\/wp-content\/uploads\/2024\/12\/IMG-20241208-WA0030-1024x771.jpg 1024w, https:\/\/letourneauchantourneur.micr0lab.org\/wp-content\/uploads\/2024\/12\/IMG-20241208-WA0030-300x226.jpg 300w, https:\/\/letourneauchantourneur.micr0lab.org\/wp-content\/uploads\/2024\/12\/IMG-20241208-WA0030-768x578.jpg 768w, https:\/\/letourneauchantourneur.micr0lab.org\/wp-content\/uploads\/2024\/12\/IMG-20241208-WA0030-1536x1156.jpg 1536w, https:\/\/letourneauchantourneur.micr0lab.org\/wp-content\/uploads\/2024\/12\/IMG-20241208-WA0030-1170x880.jpg 1170w, https:\/\/letourneauchantourneur.micr0lab.org\/wp-content\/uploads\/2024\/12\/IMG-20241208-WA0030.jpg 1600w\" sizes=\"auto, (max-width: 1024px) 100vw, 1024px\" \/><\/figure>\n\n\n\n<p>\u00ab\u00a0Nuages\u00a0\u00bb m\u00e9thode Boulle &#8211; h\u00eatre, ch\u00e2taigner, acajou, &#8230; &#8211; 15\u20ac<\/p>\n\n\n\n<figure class=\"wp-block-image size-large\"><img loading=\"lazy\" decoding=\"async\" width=\"771\" height=\"1024\" src=\"https:\/\/letourneauchantourneur.micr0lab.org\/wp-content\/uploads\/2024\/12\/IMG_20241201_170608644_MFNR-771x1024.jpg\" alt=\"\" class=\"wp-image-419\" srcset=\"https:\/\/letourneauchantourneur.micr0lab.org\/wp-content\/uploads\/2024\/12\/IMG_20241201_170608644_MFNR-771x1024.jpg 771w, https:\/\/letourneauchantourneur.micr0lab.org\/wp-content\/uploads\/2024\/12\/IMG_20241201_170608644_MFNR-226x300.jpg 226w, https:\/\/letourneauchantourneur.micr0lab.org\/wp-content\/uploads\/2024\/12\/IMG_20241201_170608644_MFNR-768x1020.jpg 768w, https:\/\/letourneauchantourneur.micr0lab.org\/wp-content\/uploads\/2024\/12\/IMG_20241201_170608644_MFNR-1157x1536.jpg 1157w, https:\/\/letourneauchantourneur.micr0lab.org\/wp-content\/uploads\/2024\/12\/IMG_20241201_170608644_MFNR-1542x2048.jpg 1542w, https:\/\/letourneauchantourneur.micr0lab.org\/wp-content\/uploads\/2024\/12\/IMG_20241201_170608644_MFNR-1170x1554.jpg 1170w, https:\/\/letourneauchantourneur.micr0lab.org\/wp-content\/uploads\/2024\/12\/IMG_20241201_170608644_MFNR-scaled.jpg 1928w\" sizes=\"auto, (max-width: 771px) 100vw, 771px\" \/><\/figure>\n\n\n\n<p><\/p>\n\n\n\n<p><\/p>\n\n\n\n<p><\/p>\n\n\n\n<p><\/p>\n\n\n\n<p><\/p>\n\n\n\n<p><\/p>\n\n\n\n<p><\/p>\n\n\n\n<p><\/p>\n","protected":false},"excerpt":{"rendered":"<p>mod\u00e8les poire et cigale \/ soleil et citron 20\u20ac \u00e9b\u00e8ne de Macassar, merisier, poirier teint\u00e9 noir, sycomore, buis Amarello, citronnier de Ceylan \u00ab\u00a0Nuages\u00a0\u00bb m\u00e9thode Boulle &#8211; h\u00eatre, ch\u00e2taigner, acajou, &#8230; &#8211; 15\u20ac<\/p>\n","protected":false},"author":2,"featured_media":304,"parent":0,"menu_order":0,"comment_status":"closed","ping_status":"closed","template":"","meta":{"footnotes":""},"class_list":["post-41","page","type-page","status-publish","has-post-thumbnail","hentry"],"_links":{"self":[{"href":"https:\/\/letourneauchantourneur.micr0lab.org\/index.php?rest_route=\/wp\/v2\/pages\/41","targetHints":{"allow":["GET"]}}],"collection":[{"href":"https:\/\/letourneauchantourneur.micr0lab.org\/index.php?rest_route=\/wp\/v2\/pages"}],"about":[{"href":"https:\/\/letourneauchantourneur.micr0lab.org\/index.php?rest_route=\/wp\/v2\/types\/page"}],"author":[{"embeddable":true,"href":"https:\/\/letourneauchantourneur.micr0lab.org\/index.php?rest_route=\/wp\/v2\/users\/2"}],"replies":[{"embeddable":true,"href":"https:\/\/letourneauchantourneur.micr0lab.org\/index.php?rest_route=%2Fwp%2Fv2%2Fcomments&post=41"}],"version-history":[{"count":32,"href":"https:\/\/letourneauchantourneur.micr0lab.org\/index.php?rest_route=\/wp\/v2\/pages\/41\/revisions"}],"predecessor-version":[{"id":432,"href":"https:\/\/letourneauchantourneur.micr0lab.org\/index.php?rest_route=\/wp\/v2\/pages\/41\/revisions\/432"}],"wp:featuredmedia":[{"embeddable":true,"href":"https:\/\/letourneauchantourneur.micr0lab.org\/index.php?rest_route=\/wp\/v2\/media\/304"}],"wp:attachment":[{"href":"https:\/\/letourneauchantourneur.micr0lab.org\/index.php?rest_route=%2Fwp%2Fv2%2Fmedia&parent=41"}],"curies":[{"name":"wp","href":"https:\/\/api.w.org\/{rel}","templated":true}]}}