{"id":39,"date":"2023-10-07T10:32:43","date_gmt":"2023-10-07T08:32:43","guid":{"rendered":"https:\/\/letourneauchantourneur.micr0lab.org\/?page_id=39"},"modified":"2025-12-31T17:23:13","modified_gmt":"2025-12-31T16:23:13","slug":"contact","status":"publish","type":"page","link":"https:\/\/letourneauchantourneur.micr0lab.org\/?page_id=39","title":{"rendered":"Contact"},"content":{"rendered":"\n<p class=\"has-text-align-center\">Caroline Mulero<\/p>\n\n\n\n<p class=\"has-text-align-center\">Commandes possibles par t\u00e9l\u00e9phone ou courriel.<\/p>\n\n\n\n<p class=\"has-text-align-center\">cmuleroATlaposte.net<\/p>\n\n\n\n<p class=\"has-text-align-center\">0749818381<\/p>\n\n\n\n<p class=\"has-text-align-center\">Atelier en Finist\u00e8re Nord, \u00e0 Landunvez, route de Kerarzal dans les locaux de <a href=\"http:\/\/ebenistor.fr\/\">l&rsquo;Eben&rsquo;istor<\/a><\/p>\n\n\n\n<p class=\"has-text-align-center\"><\/p>\n\n\n\n<figure class=\"wp-block-image aligncenter size-large\"><img loading=\"lazy\" decoding=\"async\" width=\"1024\" height=\"711\" src=\"https:\/\/letourneauchantourneur.micr0lab.org\/wp-content\/uploads\/2023\/10\/boucles-1024x711.jpg\" alt=\"\" class=\"wp-image-122\" srcset=\"https:\/\/letourneauchantourneur.micr0lab.org\/wp-content\/uploads\/2023\/10\/boucles-1024x711.jpg 1024w, https:\/\/letourneauchantourneur.micr0lab.org\/wp-content\/uploads\/2023\/10\/boucles-300x208.jpg 300w, https:\/\/letourneauchantourneur.micr0lab.org\/wp-content\/uploads\/2023\/10\/boucles-768x533.jpg 768w, https:\/\/letourneauchantourneur.micr0lab.org\/wp-content\/uploads\/2023\/10\/boucles-1536x1066.jpg 1536w, https:\/\/letourneauchantourneur.micr0lab.org\/wp-content\/uploads\/2023\/10\/boucles-2048x1422.jpg 2048w\" sizes=\"auto, (max-width: 1024px) 100vw, 1024px\" \/><\/figure>\n\n\n\n<p><\/p>\n\n\n\n<p><\/p>\n","protected":false},"excerpt":{"rendered":"<p>Caroline Mulero Commandes possibles par t\u00e9l\u00e9phone ou courriel. cmuleroATlaposte.net 0749818381 Atelier en Finist\u00e8re Nord, \u00e0 Landunvez, route de Kerarzal dans les locaux de l&rsquo;Eben&rsquo;istor<\/p>\n","protected":false},"author":2,"featured_media":0,"parent":41,"menu_order":0,"comment_status":"closed","ping_status":"closed","template":"","meta":{"footnotes":""},"class_list":["post-39","page","type-page","status-publish","hentry"],"_links":{"self":[{"href":"https:\/\/letourneauchantourneur.micr0lab.org\/index.php?rest_route=\/wp\/v2\/pages\/39","targetHints":{"allow":["GET"]}}],"collection":[{"href":"https:\/\/letourneauchantourneur.micr0lab.org\/index.php?rest_route=\/wp\/v2\/pages"}],"about":[{"href":"https:\/\/letourneauchantourneur.micr0lab.org\/index.php?rest_route=\/wp\/v2\/types\/page"}],"author":[{"embeddable":true,"href":"https:\/\/letourneauchantourneur.micr0lab.org\/index.php?rest_route=\/wp\/v2\/users\/2"}],"replies":[{"embeddable":true,"href":"https:\/\/letourneauchantourneur.micr0lab.org\/index.php?rest_route=%2Fwp%2Fv2%2Fcomments&post=39"}],"version-history":[{"count":15,"href":"https:\/\/letourneauchantourneur.micr0lab.org\/index.php?rest_route=\/wp\/v2\/pages\/39\/revisions"}],"predecessor-version":[{"id":456,"href":"https:\/\/letourneauchantourneur.micr0lab.org\/index.php?rest_route=\/wp\/v2\/pages\/39\/revisions\/456"}],"up":[{"embeddable":true,"href":"https:\/\/letourneauchantourneur.micr0lab.org\/index.php?rest_route=\/wp\/v2\/pages\/41"}],"wp:attachment":[{"href":"https:\/\/letourneauchantourneur.micr0lab.org\/index.php?rest_route=%2Fwp%2Fv2%2Fmedia&parent=39"}],"curies":[{"name":"wp","href":"https:\/\/api.w.org\/{rel}","templated":true}]}}