{"id":351,"date":"2024-04-07T20:50:50","date_gmt":"2024-04-07T18:50:50","guid":{"rendered":"https:\/\/letourneauchantourneur.micr0lab.org\/?page_id=351"},"modified":"2025-12-31T17:27:18","modified_gmt":"2025-12-31T16:27:18","slug":"stages-dinitiation","status":"publish","type":"page","link":"https:\/\/letourneauchantourneur.micr0lab.org\/?page_id=351","title":{"rendered":"Stages d&rsquo;initiation"},"content":{"rendered":"\n<p>Venez fabriquer vos propres marque-pages marquet\u00e9s en d\u00e9couvrant la m\u00e9thode dite Boulle lors d&rsquo;un atelier d&rsquo;environ 4h :<\/p>\n\n\n\n<p>dessin au choix, choix des placages, pr\u00e9paration des placages, pr\u00e9paration des paquets, d\u00e9couverte de la scie \u00e0 chantourner et de la scie \u00e0 plaquer, d\u00e9coupage du motif, assemblage et collage \u00e0 la colle d&rsquo;os, nettoyage.<\/p>\n\n\n\n<figure class=\"wp-block-image size-large is-resized\"><img loading=\"lazy\" decoding=\"async\" width=\"768\" height=\"1024\" src=\"https:\/\/letourneauchantourneur.micr0lab.org\/wp-content\/uploads\/2025\/01\/IMG_20250114_104244-768x1024.jpg\" alt=\"\" class=\"wp-image-435\" style=\"width:449px;height:auto\" srcset=\"https:\/\/letourneauchantourneur.micr0lab.org\/wp-content\/uploads\/2025\/01\/IMG_20250114_104244-768x1024.jpg 768w, https:\/\/letourneauchantourneur.micr0lab.org\/wp-content\/uploads\/2025\/01\/IMG_20250114_104244-225x300.jpg 225w, https:\/\/letourneauchantourneur.micr0lab.org\/wp-content\/uploads\/2025\/01\/IMG_20250114_104244-1152x1536.jpg 1152w, https:\/\/letourneauchantourneur.micr0lab.org\/wp-content\/uploads\/2025\/01\/IMG_20250114_104244-1536x2048.jpg 1536w, https:\/\/letourneauchantourneur.micr0lab.org\/wp-content\/uploads\/2025\/01\/IMG_20250114_104244-1170x1560.jpg 1170w, https:\/\/letourneauchantourneur.micr0lab.org\/wp-content\/uploads\/2025\/01\/IMG_20250114_104244-scaled.jpg 1920w\" sizes=\"auto, (max-width: 768px) 100vw, 768px\" \/><\/figure>\n\n\n\n<p>Enfin, vous pourrez appliquer une finition cir\u00e9e et repartir avec vos deux \u0153uvres.<\/p>\n\n\n\n<p><strong>Stage d&rsquo;environ 4h , 70\u20ac par personne, 2 personnes maximum, \u00e0 partir de 15 ans.<\/strong><\/p>\n\n\n\n<figure class=\"wp-block-image size-large is-resized\"><img loading=\"lazy\" decoding=\"async\" width=\"768\" height=\"1024\" src=\"https:\/\/letourneauchantourneur.micr0lab.org\/wp-content\/uploads\/2025\/01\/IMG_20250114_154438-768x1024.jpg\" alt=\"\" class=\"wp-image-437\" style=\"width:489px;height:auto\" srcset=\"https:\/\/letourneauchantourneur.micr0lab.org\/wp-content\/uploads\/2025\/01\/IMG_20250114_154438-768x1024.jpg 768w, https:\/\/letourneauchantourneur.micr0lab.org\/wp-content\/uploads\/2025\/01\/IMG_20250114_154438-225x300.jpg 225w, https:\/\/letourneauchantourneur.micr0lab.org\/wp-content\/uploads\/2025\/01\/IMG_20250114_154438-1152x1536.jpg 1152w, https:\/\/letourneauchantourneur.micr0lab.org\/wp-content\/uploads\/2025\/01\/IMG_20250114_154438-1536x2048.jpg 1536w, https:\/\/letourneauchantourneur.micr0lab.org\/wp-content\/uploads\/2025\/01\/IMG_20250114_154438-1170x1560.jpg 1170w, https:\/\/letourneauchantourneur.micr0lab.org\/wp-content\/uploads\/2025\/01\/IMG_20250114_154438-scaled.jpg 1920w\" sizes=\"auto, (max-width: 768px) 100vw, 768px\" \/><\/figure>\n","protected":false},"excerpt":{"rendered":"<p>Venez fabriquer vos propres marque-pages marquet\u00e9s en d\u00e9couvrant la m\u00e9thode dite Boulle lors d&rsquo;un atelier d&rsquo;environ 4h : dessin au choix, choix des placages, pr\u00e9paration des placages, pr\u00e9paration des paquets, d\u00e9couverte de la scie \u00e0 chantourner et de la scie \u00e0 plaquer, d\u00e9coupage du motif, assemblage et collage \u00e0 la colle d&rsquo;os, nettoyage. Enfin, vous [&hellip;]<\/p>\n","protected":false},"author":2,"featured_media":434,"parent":0,"menu_order":0,"comment_status":"closed","ping_status":"closed","template":"","meta":{"footnotes":""},"class_list":["post-351","page","type-page","status-publish","has-post-thumbnail","hentry"],"_links":{"self":[{"href":"https:\/\/letourneauchantourneur.micr0lab.org\/index.php?rest_route=\/wp\/v2\/pages\/351","targetHints":{"allow":["GET"]}}],"collection":[{"href":"https:\/\/letourneauchantourneur.micr0lab.org\/index.php?rest_route=\/wp\/v2\/pages"}],"about":[{"href":"https:\/\/letourneauchantourneur.micr0lab.org\/index.php?rest_route=\/wp\/v2\/types\/page"}],"author":[{"embeddable":true,"href":"https:\/\/letourneauchantourneur.micr0lab.org\/index.php?rest_route=\/wp\/v2\/users\/2"}],"replies":[{"embeddable":true,"href":"https:\/\/letourneauchantourneur.micr0lab.org\/index.php?rest_route=%2Fwp%2Fv2%2Fcomments&post=351"}],"version-history":[{"count":6,"href":"https:\/\/letourneauchantourneur.micr0lab.org\/index.php?rest_route=\/wp\/v2\/pages\/351\/revisions"}],"predecessor-version":[{"id":459,"href":"https:\/\/letourneauchantourneur.micr0lab.org\/index.php?rest_route=\/wp\/v2\/pages\/351\/revisions\/459"}],"wp:featuredmedia":[{"embeddable":true,"href":"https:\/\/letourneauchantourneur.micr0lab.org\/index.php?rest_route=\/wp\/v2\/media\/434"}],"wp:attachment":[{"href":"https:\/\/letourneauchantourneur.micr0lab.org\/index.php?rest_route=%2Fwp%2Fv2%2Fmedia&parent=351"}],"curies":[{"name":"wp","href":"https:\/\/api.w.org\/{rel}","templated":true}]}}